{"id":2,"date":"2017-01-20T18:57:26","date_gmt":"2017-01-20T17:57:26","guid":{"rendered":"https:\/\/kindbergmaskin.se\/?page_id=2"},"modified":"2025-08-12T13:35:46","modified_gmt":"2025-08-12T11:35:46","slug":"exempelsida","status":"publish","type":"page","link":"https:\/\/kindbergmaskin.se\/?page_id=2","title":{"rendered":"Om oss"},"content":{"rendered":"<p>Bj\u00f6rn Kindberg Maskin AB \u00e4r ett familjef\u00f6retag i entreprenadbranschen som bildades av Bj\u00f6rn 1965. Han startade f\u00f6retaget med en Cat HT4 som han sj\u00e4lv k\u00f6rde. Efter Bj\u00f6rns bortg\u00e5ng sommaren 2024 \u00e4r det Lars Kindberg och Frida Kindberg som driver f\u00f6retaget.<\/p>\n<p>Idag har f\u00f6retaget 5 anst\u00e4llda d\u00e4r Frida arbetar p\u00e5 kontoret och Lars k\u00f6r lastbil.<\/p>\n<p>F\u00f6retaget har b\u00e5de sin verkstad och kontor p\u00e5 S\u00e5garegatan i Nybro.<\/p>\n","protected":false},"excerpt":{"rendered":"<p>Bj\u00f6rn Kindberg Maskin AB \u00e4r ett familjef\u00f6retag i entreprenadbranschen som bildades av Bj\u00f6rn 1965. Han startade f\u00f6retaget med en Cat HT4 som han sj\u00e4lv k\u00f6rde. Efter Bj\u00f6rns bortg\u00e5ng sommaren 2024 \u00e4r det Lars Kindberg och Frida Kindberg som driver f\u00f6retaget. Idag har f\u00f6retaget 5 anst\u00e4llda d\u00e4r Frida arbetar p\u00e5 kontoret och Lars k\u00f6r lastbil. F\u00f6retaget<\/p>\n","protected":false},"author":1,"featured_media":0,"parent":0,"menu_order":0,"comment_status":"closed","ping_status":"open","template":"","meta":[],"_links":{"self":[{"href":"https:\/\/kindbergmaskin.se\/index.php?rest_route=\/wp\/v2\/pages\/2"}],"collection":[{"href":"https:\/\/kindbergmaskin.se\/index.php?rest_route=\/wp\/v2\/pages"}],"about":[{"href":"https:\/\/kindbergmaskin.se\/index.php?rest_route=\/wp\/v2\/types\/page"}],"author":[{"embeddable":true,"href":"https:\/\/kindbergmaskin.se\/index.php?rest_route=\/wp\/v2\/users\/1"}],"replies":[{"embeddable":true,"href":"https:\/\/kindbergmaskin.se\/index.php?rest_route=%2Fwp%2Fv2%2Fcomments&post=2"}],"version-history":[{"count":8,"href":"https:\/\/kindbergmaskin.se\/index.php?rest_route=\/wp\/v2\/pages\/2\/revisions"}],"predecessor-version":[{"id":272,"href":"https:\/\/kindbergmaskin.se\/index.php?rest_route=\/wp\/v2\/pages\/2\/revisions\/272"}],"wp:attachment":[{"href":"https:\/\/kindbergmaskin.se\/index.php?rest_route=%2Fwp%2Fv2%2Fmedia&parent=2"}],"curies":[{"name":"wp","href":"https:\/\/api.w.org\/{rel}","templated":true}]}}