{"id":6,"date":"2017-01-30T11:00:11","date_gmt":"2017-01-30T10:00:11","guid":{"rendered":"https:\/\/kindbergmaskin.se\/?page_id=6"},"modified":"2025-08-11T16:30:23","modified_gmt":"2025-08-11T14:30:23","slug":"tjanster","status":"publish","type":"page","link":"https:\/\/kindbergmaskin.se\/?page_id=6","title":{"rendered":"Tj\u00e4nster"},"content":{"rendered":"<p>Vi utf\u00f6r all slags schaktarbete till att g\u00f6ra skogsv\u00e4gar, gr\u00e4va pooler, dammar, dikesrensning, justeringar f\u00f6r asfaltl\u00e4ggning samt stenl\u00e4ggning \u00e5t b\u00e5de f\u00f6retag och privatpersoner. S\u00e4ljer \u00e4ven grus och matjord och k\u00f6r transporter med v\u00e5ra lastbilar. F\u00f6r transport av schaktmassor har vi dumprar i olika storlekar.<\/p>\n<p>F\u00f6r st\u00f6rre schaktningsomr\u00e5de anv\u00e4nder vi oss av bandschaktare som vi har i viktklasserna 15 ton upp till 22 ton.<\/p>\n","protected":false},"excerpt":{"rendered":"<p>Vi utf\u00f6r all slags schaktarbete till att g\u00f6ra skogsv\u00e4gar, gr\u00e4va pooler, dammar, dikesrensning, justeringar f\u00f6r asfaltl\u00e4ggning samt stenl\u00e4ggning \u00e5t b\u00e5de f\u00f6retag och privatpersoner. S\u00e4ljer \u00e4ven grus och matjord och k\u00f6r transporter med v\u00e5ra lastbilar. F\u00f6r transport av schaktmassor har vi dumprar i olika storlekar. F\u00f6r st\u00f6rre schaktningsomr\u00e5de anv\u00e4nder vi oss av bandschaktare som vi har<\/p>\n","protected":false},"author":1,"featured_media":0,"parent":0,"menu_order":0,"comment_status":"closed","ping_status":"closed","template":"","meta":[],"_links":{"self":[{"href":"https:\/\/kindbergmaskin.se\/index.php?rest_route=\/wp\/v2\/pages\/6"}],"collection":[{"href":"https:\/\/kindbergmaskin.se\/index.php?rest_route=\/wp\/v2\/pages"}],"about":[{"href":"https:\/\/kindbergmaskin.se\/index.php?rest_route=\/wp\/v2\/types\/page"}],"author":[{"embeddable":true,"href":"https:\/\/kindbergmaskin.se\/index.php?rest_route=\/wp\/v2\/users\/1"}],"replies":[{"embeddable":true,"href":"https:\/\/kindbergmaskin.se\/index.php?rest_route=%2Fwp%2Fv2%2Fcomments&post=6"}],"version-history":[{"count":6,"href":"https:\/\/kindbergmaskin.se\/index.php?rest_route=\/wp\/v2\/pages\/6\/revisions"}],"predecessor-version":[{"id":270,"href":"https:\/\/kindbergmaskin.se\/index.php?rest_route=\/wp\/v2\/pages\/6\/revisions\/270"}],"wp:attachment":[{"href":"https:\/\/kindbergmaskin.se\/index.php?rest_route=%2Fwp%2Fv2%2Fmedia&parent=6"}],"curies":[{"name":"wp","href":"https:\/\/api.w.org\/{rel}","templated":true}]}}